{"id":541,"date":"2022-07-07T13:23:47","date_gmt":"2022-07-07T11:23:47","guid":{"rendered":"https:\/\/h-resort.hr\/sights\/"},"modified":"2022-08-18T07:54:40","modified_gmt":"2022-08-18T05:54:40","slug":"znamenitosti","status":"publish","type":"page","link":"https:\/\/h-resort.hr\/hr\/znamenitosti\/","title":{"rendered":"Znamenitosti"},"content":{"rendered":"<p>[vc_row full_width=&#8221;stretch_row_content_no_spaces&#8221; css=&#8221;.vc_custom_1657278150982{background-image: url(https:\/\/h-resort.hr\/wp-content\/uploads\/2022\/07\/title-bg.jpg?id=303) !important;background-position: center !important;background-repeat: no-repeat !important;background-size: cover !important;}&#8221;][vc_column]<div class=\"cz_gap clr  hide_on_tablet hide_on_mobile\" style=\"height: 150px\"><\/div><div class=\"cz_gap show_on_tablet clr  show_only_tablet\" style=\"height: 150px\"><\/div><div class=\"cz_gap show_on_mobile clr\" style=\"height: 50px\"><\/div><div id=\"cz_72315\" class=\"cz_72315 cz_title clr cz_title_pos_center tac\"><div class=\"cz_title_content\"><div class=\"cz_wpe_content\"><h1 style=\"text-align: center;\">Znamenitosti<\/h1>\n<\/div><\/div><\/div><div class=\"cz_gap clr  hide_on_tablet hide_on_mobile\" style=\"height: 100px\"><\/div><div class=\"cz_gap show_on_tablet clr  show_only_tablet\" style=\"height: 100px\"><\/div><div class=\"cz_gap show_on_mobile clr\" style=\"height: 50px\"><\/div>[\/vc_column][\/vc_row][vc_row][vc_column]<div class=\"cz_gap clr  hide_on_tablet hide_on_mobile\" style=\"height: 75px\"><\/div><div class=\"cz_gap show_on_tablet clr  show_only_tablet\" style=\"height: 55px\"><\/div><div class=\"cz_gap show_on_mobile clr\" style=\"height: 35px\"><\/div>[\/vc_column][vc_column width=&#8221;1\/2&#8243;]<div id=\"cz_52264\" class=\"cz_52264 cz_image clr cz_image_no_fx center_on_mobile\"><div class=\"\" ><div class=\"cz_image_in\"><div class=\"cz_main_image\"><img width=\"1600\" height=\"1067\" src=\"https:\/\/h-resort.hr\/wp-content\/uploads\/2022\/07\/NP-krka.jpg\" class=\"attachment-full\" alt=\"\" title=\"Krka, Croatia \u00bb; August 2016: Tourists bathing in the water the famous waterfall of the natural park\" srcset=\"https:\/\/h-resort.hr\/wp-content\/uploads\/2022\/07\/NP-krka.jpg 1600w, https:\/\/h-resort.hr\/wp-content\/uploads\/2022\/07\/NP-krka-300x200.jpg 300w, https:\/\/h-resort.hr\/wp-content\/uploads\/2022\/07\/NP-krka-1024x683.jpg 1024w, https:\/\/h-resort.hr\/wp-content\/uploads\/2022\/07\/NP-krka-768x512.jpg 768w, https:\/\/h-resort.hr\/wp-content\/uploads\/2022\/07\/NP-krka-1536x1024.jpg 1536w, https:\/\/h-resort.hr\/wp-content\/uploads\/2022\/07\/NP-krka-600x400.jpg 600w\" sizes=\"(max-width: 1600px) 100vw, 1600px\" \/><\/div><\/div><\/div><\/div>[\/vc_column][vc_column width=&#8221;1\/2&#8243;][vc_column_text]<\/p>\n<h3>NACIONALNI PARK KRKA \u2013 Prirodna, kulturna i povijesna ba\u0161tina<\/h3>\n<p>[\/vc_column_text][vc_column_text]Nacionalni park Krka pokriva ukupnu povr\u0161inu od 109 km\u00b2 najljep\u0161ih dijelova rijeke Krke i donjeg toka rijeke \u010cikole. Slapovi su lako dostupni i privla\u010dni za sve istinske ljubitelje prirode, one koje zanimaju narodni obi\u010daji i svi koji \u017eele u\u017eivati \u200b\u200bu gostoprimstvu i kulturi koju ovdje nudi. Najposje\u0107enija podru\u010dja Nacionalnog parka Krka su Skradinski buk i Ro\u0161ki slap. Skradinski buk jedno je od najpoznatijih prirodnih obilje\u017eja Hrvatske, sastavljeno od sedrenih kaskada, otoka i jezera. Nacionalni park Krka mo\u017ee se posjetiti tijekom cijele godine. Neka podru\u010dja povezana su izletni\u010dkim brodovima, dok se do drugih mjesta u Nacionalnom parku Krka mo\u017ee do\u0107i automobilom. Planirano putovanje mo\u017ee uklju\u010divati \u200b\u200bnekoliko dana za potpuni posjet i do\u017eivljaj parka, s vi\u0161ednevnim ulaznicama koje su dostupne za kupnju. (<a href=\"http:\/\/www.np-krka.hr\/\">www.np-krka.hr<\/a>)[\/vc_column_text][\/vc_column][vc_column]<div class=\"cz_gap clr  hide_on_mobile\" style=\"height: 35px\"><\/div><div class=\"cz_gap show_on_mobile clr\" style=\"height: 35px\"><\/div>[\/vc_column][\/vc_row][vc_row full_width=&#8221;stretch_row&#8221; css=&#8221;.vc_custom_1657193281416{background-color: #f4f4f4 !important;}&#8221;][vc_column]<div class=\"cz_gap clr  hide_on_mobile\" style=\"height: 35px\"><\/div><div class=\"cz_gap show_on_mobile clr\" style=\"height: 35px\"><\/div>[\/vc_column][vc_column width=&#8221;1\/2&#8243;]<div id=\"cz_42870\" class=\"cz_42870 cz_image clr cz_image_no_fx center_on_mobile\"><div class=\"\" ><div class=\"cz_image_in\"><div class=\"cz_main_image\"><img width=\"900\" height=\"600\" src=\"https:\/\/h-resort.hr\/wp-content\/uploads\/2022\/07\/trogir-900x600-1.jpg\" class=\"attachment-full\" alt=\"\" title=\"trogir-900x600\" srcset=\"https:\/\/h-resort.hr\/wp-content\/uploads\/2022\/07\/trogir-900x600-1.jpg 900w, https:\/\/h-resort.hr\/wp-content\/uploads\/2022\/07\/trogir-900x600-1-300x200.jpg 300w, https:\/\/h-resort.hr\/wp-content\/uploads\/2022\/07\/trogir-900x600-1-768x512.jpg 768w, https:\/\/h-resort.hr\/wp-content\/uploads\/2022\/07\/trogir-900x600-1-600x400.jpg 600w\" sizes=\"(max-width: 900px) 100vw, 900px\" \/><\/div><\/div><\/div><\/div>[\/vc_column][vc_column width=&#8221;1\/2&#8243;][vc_column_text]<\/p>\n<h3>TROGIR \u2013 stari grad na UNESCO-vom popisu ba\u0161tine<\/h3>\n<p>[\/vc_column_text][vc_column_text]Trogir je izvanredan primjer urbanog kontinuiteta. Ortogonalni uli\u010dni plan ovog oto\u010dnog naselja datira jo\u0161 iz helenisti\u010dkog razdoblja, a uljep\u0161avali su ga vladari koji su se smjenjivali brojnim lijepim javnim i ku\u0107anskim zgradama i utvrdama. Njegove prekrasne romani\u010dke crkve nadopunjuju izvanredne renesansne i barokne gra\u0111evine iz venecijanskog razdoblja. Simbol grada Trogira je Kairos. Kairos je u gr\u010dkoj mitologiji bio bog prilika, sre\u0107e i povoljnih trenutaka. Prema legendi, mora se uhvatiti za \u010duperak kose, ina\u010de trenutak odleti i vi\u0161e se ne mo\u017ee uhvatiti&#8230;[\/vc_column_text][\/vc_column][vc_column]<div class=\"cz_gap clr  hide_on_mobile\" style=\"height: 35px\"><\/div><div class=\"cz_gap show_on_mobile clr\" style=\"height: 35px\"><\/div>[\/vc_column][\/vc_row][vc_row][vc_column]<div class=\"cz_gap clr  hide_on_mobile\" style=\"height: 35px\"><\/div><div class=\"cz_gap show_on_mobile clr\" style=\"height: 35px\"><\/div>[\/vc_column][vc_column width=&#8221;1\/2&#8243;]<div id=\"cz_42434\" class=\"cz_42434 cz_image clr cz_image_no_fx center_on_mobile\"><div class=\"\" ><div class=\"cz_image_in\"><div class=\"cz_main_image\"><img width=\"640\" height=\"426\" src=\"https:\/\/h-resort.hr\/wp-content\/uploads\/2022\/07\/split.jpg\" class=\"attachment-full\" alt=\"\" title=\"split\" srcset=\"https:\/\/h-resort.hr\/wp-content\/uploads\/2022\/07\/split.jpg 640w, https:\/\/h-resort.hr\/wp-content\/uploads\/2022\/07\/split-300x200.jpg 300w, https:\/\/h-resort.hr\/wp-content\/uploads\/2022\/07\/split-600x399.jpg 600w\" sizes=\"(max-width: 640px) 100vw, 640px\" \/><\/div><\/div><\/div><\/div>[\/vc_column][vc_column width=&#8221;1\/2&#8243;][vc_column_text]<\/p>\n<h3>SPLIT \u2013 Dioklecijanov grad<\/h3>\n<p>[\/vc_column_text][vc_column_text]Pri\u010da o Splitu stara je ve\u0107 17 stolje\u0107a, od vremena kada je rimski car Dioklecijan odlu\u010dio sagraditi svoju pala\u010du upravo na poluotoku u blizini velikog rimskog grada Salone, gdje je \u017eelio provesti posljednje godine svog \u017eivota. Tijekom tih 1700 godina Pala\u010da se polako pretvarala u grad koji i dan danas mami svojom bogatom tradicijom, slavnom povije\u0161\u0107u i ljepotom prirodne i kulturne ba\u0161tine. Dioklecijanova pala\u010da i cijela povijesna jezgra Splita nalaze se na popisu svjetske ba\u0161tine UNESCO-a jo\u0161 od 1979. godine, i to ne samo zbog izvanredne o\u010duvanosti pala\u010de, ve\u0107 i zbog same pala\u010de i njezina grada (ili grada i njegove pala\u010de, ako poput) nastaviti \u017eivjeti punim \u017eivotom. Svi povijesni slojevi od starog Rima, srednjeg vijeka do danas jo\u0161 uvijek su vidljivi i \u017eivi u ovoj gra\u0111evini. \u0160etnja drevnim gradom vodi vas kroz vrijeme, uz sjajne primjere anti\u010dke arhitekture poput Peristila, srednjovjekovne romani\u010dke crkve i goti\u010dke pala\u010de, renesansnih portala plemi\u0107kih ku\u0107a, baroknih pro\u010delja i moderne arhitekture izvrsno stopljene u bogatoj ba\u0161tini.[\/vc_column_text][\/vc_column][vc_column]<div class=\"cz_gap clr  hide_on_mobile\" style=\"height: 35px\"><\/div><div class=\"cz_gap show_on_mobile clr\" style=\"height: 35px\"><\/div>[\/vc_column][\/vc_row][vc_row full_width=&#8221;stretch_row&#8221; css=&#8221;.vc_custom_1657193281416{background-color: #f4f4f4 !important;}&#8221;][vc_column]<div class=\"cz_gap clr  hide_on_mobile\" style=\"height: 35px\"><\/div><div class=\"cz_gap show_on_mobile clr\" style=\"height: 35px\"><\/div>[\/vc_column][vc_column width=&#8221;1\/2&#8243;]<div id=\"cz_51082\" class=\"cz_51082 cz_image clr cz_image_no_fx center_on_mobile\"><div class=\"\" ><div class=\"cz_image_in\"><div class=\"cz_main_image\"><img width=\"1920\" height=\"710\" src=\"https:\/\/h-resort.hr\/wp-content\/uploads\/2022\/07\/BlueLagoon-Croatia.jpg\" class=\"attachment-full\" alt=\"\" title=\"BlueLagoon-Croatia\" srcset=\"https:\/\/h-resort.hr\/wp-content\/uploads\/2022\/07\/BlueLagoon-Croatia.jpg 1920w, https:\/\/h-resort.hr\/wp-content\/uploads\/2022\/07\/BlueLagoon-Croatia-300x111.jpg 300w, https:\/\/h-resort.hr\/wp-content\/uploads\/2022\/07\/BlueLagoon-Croatia-1024x379.jpg 1024w, https:\/\/h-resort.hr\/wp-content\/uploads\/2022\/07\/BlueLagoon-Croatia-768x284.jpg 768w, https:\/\/h-resort.hr\/wp-content\/uploads\/2022\/07\/BlueLagoon-Croatia-1536x568.jpg 1536w, https:\/\/h-resort.hr\/wp-content\/uploads\/2022\/07\/BlueLagoon-Croatia-600x222.jpg 600w\" sizes=\"(max-width: 1920px) 100vw, 1920px\" \/><\/div><\/div><\/div><\/div>[\/vc_column][vc_column width=&#8221;1\/2&#8243;][vc_column_text]<\/p>\n<h3>Plava laguna Hrvatska<\/h3>\n<p>[\/vc_column_text][vc_column_text]Plava laguna u Hrvatskoj nije va\u0161a uobi\u010dajena plava laguna stvorena koraljnim grebenima koji se nalaze oko tropskih otoka koji tvore plitku lagunu s kristalno \u010distim plavim morem unutra. U Hrvatskoj nema koraljnih grebena, ali to ne zna\u010di da nema plavih laguna. Plave lagune u Hrvatskoj obi\u010dno se formiraju izme\u0111u niza malih otoka koji su obi\u010dno odvojeni plitkom lagunom izme\u0111u njih koju volimo zvati plave lagune.[\/vc_column_text][\/vc_column][vc_column]<div class=\"cz_gap clr  hide_on_mobile\" style=\"height: 35px\"><\/div><div class=\"cz_gap show_on_mobile clr\" style=\"height: 35px\"><\/div>[\/vc_column][\/vc_row][vc_row][vc_column]<div class=\"cz_gap clr  hide_on_mobile\" style=\"height: 35px\"><\/div><div class=\"cz_gap show_on_mobile clr\" style=\"height: 35px\"><\/div>[\/vc_column][vc_column width=&#8221;1\/2&#8243;]<div id=\"cz_34925\" class=\"cz_34925 cz_image clr cz_image_no_fx center_on_mobile\"><div class=\"\" ><div class=\"cz_image_in\"><div class=\"cz_main_image\"><img width=\"1600\" height=\"1067\" src=\"https:\/\/h-resort.hr\/wp-content\/uploads\/2022\/07\/cycling.jpg\" class=\"attachment-full\" alt=\"\" title=\"People rides  bike on the road with beautiful colorful  sunset s\" srcset=\"https:\/\/h-resort.hr\/wp-content\/uploads\/2022\/07\/cycling.jpg 1600w, https:\/\/h-resort.hr\/wp-content\/uploads\/2022\/07\/cycling-300x200.jpg 300w, https:\/\/h-resort.hr\/wp-content\/uploads\/2022\/07\/cycling-1024x683.jpg 1024w, https:\/\/h-resort.hr\/wp-content\/uploads\/2022\/07\/cycling-768x512.jpg 768w, https:\/\/h-resort.hr\/wp-content\/uploads\/2022\/07\/cycling-1536x1024.jpg 1536w, https:\/\/h-resort.hr\/wp-content\/uploads\/2022\/07\/cycling-600x400.jpg 600w\" sizes=\"(max-width: 1600px) 100vw, 1600px\" \/><\/div><\/div><\/div><\/div>[\/vc_column][vc_column width=&#8221;1\/2&#8243;][vc_column_text]<\/p>\n<h3>Biciklizam<\/h3>\n<p>[\/vc_column_text][vc_column_text]Bez obzira jeste li profesionalac ili rekreativac, kilometri cesta vas zovu u novu avanturu.<\/p>\n<p>Istra\u017eite srednju Dalmaciju u\u017eivaju\u0107i u netaknutoj prirodi, svje\u017eem zraku i ti\u0161ini&#8230;tako blizu gradova a opet daleko&#8230;<\/p>\n<p>\u2026 kada se opustite, osjetit \u0107ete potpuni unutarnji mir. U\u017eivati[\/vc_column_text][\/vc_column][vc_column]<div class=\"cz_gap clr  hide_on_mobile\" style=\"height: 35px\"><\/div><div class=\"cz_gap show_on_mobile clr\" style=\"height: 35px\"><\/div>[\/vc_column][\/vc_row]<\/p>\n","protected":false},"excerpt":{"rendered":"<p>[vc_row full_width=&#8221;stretch_row_content_no_spaces&#8221; css=&#8221;.vc_custom_1657278150982{background-image: url(https:\/\/h-resort.hr\/wp-content\/uploads\/2022\/07\/title-bg.jpg?id=303) !important;background-position: center !important;background-repeat: no-repeat !important;background-size: cover !important;}&#8221;][vc_column][\/vc_column][\/vc_row][vc_row][vc_column][\/vc_column][vc_column &#8230; <\/p>\n","protected":false},"author":1,"featured_media":0,"parent":0,"menu_order":0,"comment_status":"closed","ping_status":"closed","template":"","meta":[],"_links":{"self":[{"href":"https:\/\/h-resort.hr\/hr\/wp-json\/wp\/v2\/pages\/541"}],"collection":[{"href":"https:\/\/h-resort.hr\/hr\/wp-json\/wp\/v2\/pages"}],"about":[{"href":"https:\/\/h-resort.hr\/hr\/wp-json\/wp\/v2\/types\/page"}],"author":[{"embeddable":true,"href":"https:\/\/h-resort.hr\/hr\/wp-json\/wp\/v2\/users\/1"}],"replies":[{"embeddable":true,"href":"https:\/\/h-resort.hr\/hr\/wp-json\/wp\/v2\/comments?post=541"}],"version-history":[{"count":3,"href":"https:\/\/h-resort.hr\/hr\/wp-json\/wp\/v2\/pages\/541\/revisions"}],"predecessor-version":[{"id":544,"href":"https:\/\/h-resort.hr\/hr\/wp-json\/wp\/v2\/pages\/541\/revisions\/544"}],"wp:attachment":[{"href":"https:\/\/h-resort.hr\/hr\/wp-json\/wp\/v2\/media?parent=541"}],"curies":[{"name":"wp","href":"https:\/\/api.w.org\/{rel}","templated":true}]}}