{"id":521,"date":"2022-07-12T08:32:43","date_gmt":"2022-07-12T06:32:43","guid":{"rendered":"https:\/\/h-resort.hr\/about-us\/"},"modified":"2022-08-18T07:47:42","modified_gmt":"2022-08-18T05:47:42","slug":"o-nama","status":"publish","type":"page","link":"https:\/\/h-resort.hr\/hr\/o-nama\/","title":{"rendered":"O nama"},"content":{"rendered":"<p>[vc_row full_height=&#8221;yes&#8221;][vc_column]<div class=\"cz_gap clr  hide_on_tablet hide_on_mobile\" style=\"height: 75px\"><\/div><div class=\"cz_gap show_on_tablet clr  show_only_tablet\" style=\"height: 55px\"><\/div><div class=\"cz_gap show_on_mobile clr\" style=\"height: 35px\"><\/div>[vc_column_text]Dragi na\u0161i prijatelji i gosti, dobrodo\u0161li u Heritage Resort. Na\u0161e naslje\u0111e ima vi\u0161e od 120 godina tradicije i sada svoju pri\u010du dijelimo s vama.<\/p>\n<p>Mala tradicionalno gra\u0111ena dalmatinska kamena ku\u0107a bila je mjesto gdje su na\u0161i preci \u017eivjeli svaki dan. U to vrijeme nije bilo javne elektri\u010dne mre\u017ee,\u00a0 prakti\u010dnih i udobnih kreveta, a ni puno toga \u0161to imamo danas.<\/p>\n<p>Tijekom godina ku\u0107a je zadr\u017eala svoj glavni konstruktivni oblik, sve dok prije pet godina nismo odlu\u010dili izgraditi resort koji \u0107e zadr\u017eati dalmatinsku \u201ekamenu\u201c tradiciju gradnje\u2026..<\/p>\n<p>&#8230;&#8230;evo nas, Heritage Resort. U\u017eivajte i osje\u0107ajte se kao u vlastitom domu :-)[\/vc_column_text][\/vc_column][\/vc_row]<\/p>\n","protected":false},"excerpt":{"rendered":"<p>[vc_row full_height=&#8221;yes&#8221;][vc_column][vc_column_text]Dragi na\u0161i prijatelji i gosti, dobrodo\u0161li u Heritage Resort. Na\u0161e &#8230; <\/p>\n","protected":false},"author":1,"featured_media":0,"parent":0,"menu_order":0,"comment_status":"closed","ping_status":"closed","template":"","meta":[],"_links":{"self":[{"href":"https:\/\/h-resort.hr\/hr\/wp-json\/wp\/v2\/pages\/521"}],"collection":[{"href":"https:\/\/h-resort.hr\/hr\/wp-json\/wp\/v2\/pages"}],"about":[{"href":"https:\/\/h-resort.hr\/hr\/wp-json\/wp\/v2\/types\/page"}],"author":[{"embeddable":true,"href":"https:\/\/h-resort.hr\/hr\/wp-json\/wp\/v2\/users\/1"}],"replies":[{"embeddable":true,"href":"https:\/\/h-resort.hr\/hr\/wp-json\/wp\/v2\/comments?post=521"}],"version-history":[{"count":2,"href":"https:\/\/h-resort.hr\/hr\/wp-json\/wp\/v2\/pages\/521\/revisions"}],"predecessor-version":[{"id":538,"href":"https:\/\/h-resort.hr\/hr\/wp-json\/wp\/v2\/pages\/521\/revisions\/538"}],"wp:attachment":[{"href":"https:\/\/h-resort.hr\/hr\/wp-json\/wp\/v2\/media?parent=521"}],"curies":[{"name":"wp","href":"https:\/\/api.w.org\/{rel}","templated":true}]}}