{"id":517,"date":"2022-06-30T13:46:16","date_gmt":"2022-06-30T11:46:16","guid":{"rendered":"https:\/\/h-resort.hr\/overview\/"},"modified":"2022-08-18T08:00:20","modified_gmt":"2022-08-18T06:00:20","slug":"o-vili","status":"publish","type":"page","link":"https:\/\/h-resort.hr\/hr\/o-vili\/","title":{"rendered":"O vili"},"content":{"rendered":"<p>[vc_row][vc_column]<div class=\"cz_gap clr  hide_on_tablet hide_on_mobile\" style=\"height: 75px\"><\/div><div class=\"cz_gap show_on_tablet clr  show_only_tablet\" style=\"height: 55px\"><\/div><div class=\"cz_gap show_on_mobile clr\" style=\"height: 35px\"><\/div>[\/vc_column][\/vc_row][vc_row][vc_column width=&#8221;1\/2&#8243;]<div id=\"cz_41544\" class=\"cz_41544 cz_title clr cz_title_pos_inline wpb_animate_when_almost_visible top-to-bottom\"><div class=\"cz_title_content\"><div class=\"cz_wpe_content\"><h2>O Vili<\/h2>\n<\/div><\/div><\/div><div id=\"cz_59426\" class=\"cz_59426 cz_title clr cz_title_pos_inline wpb_animate_when_almost_visible fadeIn\"><div class=\"cz_title_content\"><div class=\"cz_wpe_content\"><p>Villa Heritage Resort idealan je za 2 obitelji koje \u017eele provesti svoj odmor zajedno, a ipak cijene privatnost. Tradicionalna kamena vila nalazi se u malom mjestu Vrsine nedaleko od Splita i nudi vam dvije stambene jedinice na dvije eta\u017ee, svaka s dnevnim boravkom i blagovaonicom te potpuno opremljenom kuhinjom.<\/p>\n<p>Svaki apartman ima spava\u0107u sobu s udobnim bra\u010dnim krevetom, kau\u010d na razvla\u010denje u dnevnom boravku za jo\u0161 2 osobe i modernu kupaonicu. Ukupno, Villa Heritage Resort mo\u017ee primiti 8 gostiju. Vani mo\u017eete u\u017eivati \u200b\u200bu osvje\u017eavaju\u0107em bazenu od 35m2, upijati dalmatinsko sunce na jednoj od le\u017ealjki ili okupiti obitelj i prijatelje u udobnom natkrivenom salonu kako biste zajedno planirali izlete u prekrasnu regiju. Za ljubitelje wellnessa ne treba zaboraviti spomenuti saunu u ku\u0107ici s bazenom, djeca \u0107e se sigurno zabaviti uz igra\u0107u konzolu, a kao mala posebnost za vinoljupce svakako ne\u0107e biti nezgodan hladnjak za vino u obje kuhinje. Vidite &#8211; ima za svakoga pone\u0161to. \ud83d\ude42 Vlasnici Villa Heritage Resort svojim gostima nude transfer od zra\u010dne luke Split do vile i rent-a-car. Molimo kontaktirajte nas za dodatne informacije.<\/p>\n<\/div><\/div><\/div>[\/vc_column][vc_column width=&#8221;1\/2&#8243; el_class=&#8221;gall_box&#8221;]<div id=\"cz3491\" class=\"cz3491 slick no_arrows dots_bc dots_circle dots_circle_2\" data-slick='{\"selector\":\"\",\"slidesToShow\":1,\"slidesToScroll\":1,\"rows\":1,\"fade\":false,\"vertical\":false,\"verticalSwiping\":false,\"infinite\":true,\"speed\":1000,\"swipeToSlide\":true,\"centerMode\":false,\"centerPadding\":\"\",\"variableWidth\":false,\"autoplay\":true,\"autoplaySpeed\":4000,\"dots\":true,\"counts\":false,\"adaptiveHeight\":false,\"responsive\":[{\"breakpoint\":769,\"settings\":{\"slidesToShow\":1,\"slidesToScroll\":1,\"touchMove\":true}},{\"breakpoint\":481,\"settings\":{\"slidesToShow\":1,\"slidesToScroll\":1,\"touchMove\":true}}]}' data-slick-prev=\"fa fa-chevron-left\" data-slick-next=\"fa fa-chevron-right\"><div id=\"cz_34747\" class=\"cz_grid_p cz_34747\"><div class=\"cz_grid cz_grid_1 clr cz_grid_carousel cz_grid_1_no_title cz_grid_1_mid tac\"><div class=\"cz_grid_item cz_grid_first\"><\/div><div class=\"cz_grid_item \"><div><a class=\"cz_grid_link \" href=\"https:\/\/h-resort.hr\/wp-content\/uploads\/2022\/07\/why-us.jpg\" data-xtra-lightbox><img width=\"600\" height=\"600\" src=\"https:\/\/h-resort.hr\/wp-content\/uploads\/2022\/07\/why-us-600x600.jpg\" class=\"attachment-codevz_600_600\" alt=\"\" title=\"why-us\" srcset=\"https:\/\/h-resort.hr\/wp-content\/uploads\/2022\/07\/why-us-600x600.jpg 600w, https:\/\/h-resort.hr\/wp-content\/uploads\/2022\/07\/why-us-150x150.jpg 150w\" sizes=\"(max-width: 600px) 100vw, 600px\" \/><div class=\"cz_grid_details\"><i class=\"fa fa-search cz_grid_icon\"><\/i><\/div><\/a><\/div><\/div><div class=\"cz_grid_item \"><div><a class=\"cz_grid_link \" href=\"https:\/\/h-resort.hr\/wp-content\/uploads\/2022\/06\/IM13788020220623.jpg\" data-xtra-lightbox><img width=\"600\" height=\"600\" src=\"https:\/\/h-resort.hr\/wp-content\/uploads\/2022\/06\/IM13788020220623-600x600.jpg\" class=\"attachment-codevz_600_600\" alt=\"\" title=\"IM13788020220623\" srcset=\"https:\/\/h-resort.hr\/wp-content\/uploads\/2022\/06\/IM13788020220623-600x600.jpg 600w, https:\/\/h-resort.hr\/wp-content\/uploads\/2022\/06\/IM13788020220623-150x150.jpg 150w\" sizes=\"(max-width: 600px) 100vw, 600px\" \/><div class=\"cz_grid_details\"><i class=\"fa fa-search cz_grid_icon\"><\/i><\/div><\/a><\/div><\/div><div class=\"cz_grid_item \"><div><a class=\"cz_grid_link \" href=\"https:\/\/h-resort.hr\/wp-content\/uploads\/2022\/06\/IM13784820220624.jpg\" data-xtra-lightbox><img width=\"600\" height=\"600\" src=\"https:\/\/h-resort.hr\/wp-content\/uploads\/2022\/06\/IM13784820220624-600x600.jpg\" class=\"attachment-codevz_600_600\" alt=\"\" title=\"IM13784820220624\" srcset=\"https:\/\/h-resort.hr\/wp-content\/uploads\/2022\/06\/IM13784820220624-600x600.jpg 600w, https:\/\/h-resort.hr\/wp-content\/uploads\/2022\/06\/IM13784820220624-150x150.jpg 150w\" sizes=\"(max-width: 600px) 100vw, 600px\" \/><div class=\"cz_grid_details\"><i class=\"fa fa-search cz_grid_icon\"><\/i><\/div><\/a><\/div><\/div><div class=\"cz_grid_item \"><div><a class=\"cz_grid_link \" href=\"https:\/\/h-resort.hr\/wp-content\/uploads\/2022\/06\/IM137769-HDR20220623.jpg\" data-xtra-lightbox><img width=\"600\" height=\"600\" src=\"https:\/\/h-resort.hr\/wp-content\/uploads\/2022\/06\/IM137769-HDR20220623-600x600.jpg\" class=\"attachment-codevz_600_600\" alt=\"\" title=\"IM137769-HDR20220623\" srcset=\"https:\/\/h-resort.hr\/wp-content\/uploads\/2022\/06\/IM137769-HDR20220623-600x600.jpg 600w, https:\/\/h-resort.hr\/wp-content\/uploads\/2022\/06\/IM137769-HDR20220623-150x150.jpg 150w\" sizes=\"(max-width: 600px) 100vw, 600px\" \/><div class=\"cz_grid_details\"><i class=\"fa fa-search cz_grid_icon\"><\/i><\/div><\/a><\/div><\/div><div class=\"cz_grid_item \"><div><a class=\"cz_grid_link \" href=\"https:\/\/h-resort.hr\/wp-content\/uploads\/2022\/06\/IM137760-HDR20220623.jpg\" data-xtra-lightbox><img width=\"600\" height=\"600\" src=\"https:\/\/h-resort.hr\/wp-content\/uploads\/2022\/06\/IM137760-HDR20220623-600x600.jpg\" class=\"attachment-codevz_600_600\" alt=\"\" title=\"IM137760-HDR20220623\" srcset=\"https:\/\/h-resort.hr\/wp-content\/uploads\/2022\/06\/IM137760-HDR20220623-600x600.jpg 600w, https:\/\/h-resort.hr\/wp-content\/uploads\/2022\/06\/IM137760-HDR20220623-150x150.jpg 150w\" sizes=\"(max-width: 600px) 100vw, 600px\" \/><div class=\"cz_grid_details\"><i class=\"fa fa-search cz_grid_icon\"><\/i><\/div><\/a><\/div><\/div><div class=\"cz_grid_item \"><div><a class=\"cz_grid_link \" href=\"https:\/\/h-resort.hr\/wp-content\/uploads\/2022\/06\/IM137712-HDR20220623.jpg\" data-xtra-lightbox><img width=\"600\" height=\"600\" src=\"https:\/\/h-resort.hr\/wp-content\/uploads\/2022\/06\/IM137712-HDR20220623-600x600.jpg\" class=\"attachment-codevz_600_600\" alt=\"\" title=\"IM137712-HDR20220623\" srcset=\"https:\/\/h-resort.hr\/wp-content\/uploads\/2022\/06\/IM137712-HDR20220623-600x600.jpg 600w, https:\/\/h-resort.hr\/wp-content\/uploads\/2022\/06\/IM137712-HDR20220623-150x150.jpg 150w\" sizes=\"(max-width: 600px) 100vw, 600px\" \/><div class=\"cz_grid_details\"><i class=\"fa fa-search cz_grid_icon\"><\/i><\/div><\/a><\/div><\/div><div class=\"cz_grid_item \"><div><a class=\"cz_grid_link \" href=\"https:\/\/h-resort.hr\/wp-content\/uploads\/2022\/06\/IM137691-HDR20220623.jpg\" data-xtra-lightbox><img width=\"600\" height=\"600\" src=\"https:\/\/h-resort.hr\/wp-content\/uploads\/2022\/06\/IM137691-HDR20220623-600x600.jpg\" class=\"attachment-codevz_600_600\" alt=\"\" title=\"IM137691-HDR20220623\" srcset=\"https:\/\/h-resort.hr\/wp-content\/uploads\/2022\/06\/IM137691-HDR20220623-600x600.jpg 600w, https:\/\/h-resort.hr\/wp-content\/uploads\/2022\/06\/IM137691-HDR20220623-150x150.jpg 150w\" sizes=\"(max-width: 600px) 100vw, 600px\" \/><div class=\"cz_grid_details\"><i class=\"fa fa-search cz_grid_icon\"><\/i><\/div><\/a><\/div><\/div><\/div><\/div><\/div><div data-cz-style='#cz3491 .slick-list{margin: 0 -5px;clip-path:inset(0 5px 0 5px)}#cz3491 .slick-slide{margin: 0 5px}'><\/div>[\/vc_column][vc_column]<div class=\"cz_gap clr  hide_on_tablet hide_on_mobile\" style=\"height: 75px\"><\/div><div class=\"cz_gap show_on_tablet clr  show_only_tablet\" style=\"height: 55px\"><\/div><div class=\"cz_gap show_on_mobile clr\" style=\"height: 35px\"><\/div>[\/vc_column][\/vc_row][vc_row full_width=&#8221;stretch_row&#8221; css=&#8221;.vc_custom_1657612572653{background-color: rgba(180,138,57,0.21) !important;*background-color: rgb(180,138,57) !important;}&#8221;][vc_column][vc_column_text css=&#8221;.vc_custom_1657612593560{margin-top: 35px !important;}&#8221;][\/vc_column_text][\/vc_column][\/vc_row][vc_section full_width=&#8221;stretch_row&#8221; css=&#8221;.vc_custom_1657192366261{background-color: #f7f7f7 !important;}&#8221;][vc_row][vc_column]<div class=\"cz_gap clr  hide_on_tablet hide_on_mobile\" style=\"height: 75px\"><\/div><div class=\"cz_gap show_on_tablet clr  show_only_tablet\" style=\"height: 55px\"><\/div><div class=\"cz_gap show_on_mobile clr\" style=\"height: 35px\"><\/div>[\/vc_column][\/vc_row][vc_row][vc_column width=&#8221;1\/3&#8243;][vc_column_text]<\/p>\n<h3 class=\"labela-facilities\"><strong>TIP I VELI\u010cINA<\/strong><\/h3>\n<div class=\"facilities-data-holder\">\n<div class=\"facilities-row-holder\">\n<div class=\"ico-holder\">\n<div class=\"facilities-row-holder\">\n<div class=\"ico-holder\">Povr\u0161ina ku\u0107e: 160 m<sup>2<\/sup><\/div>\n<\/div>\n<div class=\"facilities-row-holder\">\n<div class=\"ico-holder\">Povr\u0161ina zemlji\u0161ta: 500 m<sup>2<\/sup><\/div>\n<\/div>\n<div class=\"facilities-row-holder\">\n<div class=\"ico-holder\">Tip : Samostoje\u0107e<\/div>\n<\/div>\n<div class=\"facilities-row-holder\">\n<div class=\"ico-holder\">Maks. broj gostiju: 8<\/div>\n<\/div>\n<\/div>\n<\/div>\n<\/div>\n<p>[\/vc_column_text][\/vc_column][vc_column width=&#8221;1\/3&#8243;][vc_column_text]<\/p>\n<h3 class=\"labela-facilities\"><strong>VANI<\/strong><\/h3>\n<div class=\"facilities-data-holder\">\n<div class=\"facilities-row-holder\">\n<div class=\"ico-holder\" title=\"29\">\n<div class=\"facilities-row-holder\">\n<div class=\"ico-holder\" title=\"29\">privatni bazen: 35 m<sup>2<\/sup><\/div>\n<\/div>\n<div class=\"facilities-row-holder\">\n<div class=\"ico-holder\" title=\"30\">hidro masa\u017ea<\/div>\n<\/div>\n<div class=\"facilities-row-holder\">\n<div class=\"ico-holder\" title=\"32\">le\u017ealjke za sun\u010danje: 4<\/div>\n<\/div>\n<div class=\"facilities-row-holder\">\n<div class=\"ico-holder\" title=\"34\">potpuno ogra\u0111eno<\/div>\n<\/div>\n<div class=\"facilities-row-holder\">\n<div class=\"ico-holder\" title=\"42\">Privatno parkirali\u0161te &#8211; ogra\u0111eno u hladovini<\/div>\n<\/div>\n<div class=\"facilities-row-holder\">\n<div class=\"ico-holder\" title=\"91\">grijani bazen<\/div>\n<\/div>\n<\/div>\n<\/div>\n<\/div>\n<p>[\/vc_column_text][\/vc_column][vc_column width=&#8221;1\/3&#8243;][vc_column_text]<\/p>\n<h3 class=\"labela-facilities\"><strong>HLA\u0110ENJE I GRIJANJE<\/strong><\/h3>\n<div class=\"facilities-data-holder\">\n<div class=\"facilities-row-holder\">\n<div class=\"ico-holder\" title=\"53\">\n<div class=\"facilities-row-holder\">\n<div class=\"ico-holder\" title=\"53\">Grijanje klima ure\u0111ajima<\/div>\n<\/div>\n<div class=\"facilities-row-holder\">\n<div class=\"ico-holder\" title=\"68\">broj ure\u0111aja za klimu: 2<\/div>\n<\/div>\n<\/div>\n<\/div>\n<\/div>\n<p>[\/vc_column_text][\/vc_column][\/vc_row][vc_row][vc_column width=&#8221;1\/3&#8243;][vc_column_text]<\/p>\n<div class=\"labela-facilities\">\n<h3 class=\"labela-facilities\"><strong>KUHINJA I BLAGOVAONICA<\/strong><\/h3>\n<div class=\"facilities-data-holder\">\n<div class=\"facilities-row-holder\">\n<div class=\"ico-holder\" title=\"4\">\n<div class=\"facilities-row-holder\">\n<div class=\"ico-holder\" title=\"4\">potpuno opremljena kuhinja<\/div>\n<\/div>\n<div class=\"facilities-row-holder\">\n<div class=\"ico-holder\" title=\"5\">toster<\/div>\n<\/div>\n<div class=\"facilities-row-holder\">\n<div class=\"ico-holder\" title=\"6\">aparat za kavu<\/div>\n<\/div>\n<div class=\"facilities-row-holder\">\n<div class=\"ico-holder\" title=\"8\">hladnjak sa zamrziva\u010dem<\/div>\n<\/div>\n<div class=\"facilities-row-holder\">\n<div class=\"ico-holder\" title=\"9\">perilica su\u0111a<\/div>\n<\/div>\n<div class=\"facilities-row-holder\">\n<div class=\"ico-holder\" title=\"10\">ro\u0161tilj &#8211;<\/div>\n<\/div>\n<div class=\"facilities-row-holder\">\n<div class=\"ico-holder\" title=\"78\">unutarnja blagovaonica za: 4<\/div>\n<\/div>\n<div class=\"facilities-row-holder\">\n<div class=\"ico-holder\" title=\"79\">visoka stolica za hranjenje: 1<\/div>\n<\/div>\n<div class=\"facilities-row-holder\">\n<div class=\"ico-holder\" title=\"80\">vanjska blagovaonica za: 4<\/div>\n<\/div>\n<\/div>\n<\/div>\n<\/div>\n<\/div>\n<p>[\/vc_column_text][\/vc_column][vc_column width=&#8221;1\/3&#8243;][vc_column_text]<\/p>\n<div class=\"labela-facilities\">\n<h3 class=\"labela-facilities\"><strong>SPAVA\u0106E SOBE<\/strong><\/h3>\n<div class=\"facilities-data-holder\">\n<div class=\"facilities-row-holder\">\n<div>Spava\u0107a soba #1: broj bra\u010dnih le\u017eaja: 1<\/div>\n<div>Spava\u0107a soba #2: broj bra\u010dnih le\u017eaja: 1<\/div>\n<div>Dje\u010dji kreveti\u0107: 1<\/div>\n<div>Kau\u010d: 2<\/div>\n<\/div>\n<\/div>\n<\/div>\n<p>[\/vc_column_text][\/vc_column][vc_column width=&#8221;1\/3&#8243;][vc_column_text]<\/p>\n<div class=\"labela-facilities\">\n<h3 class=\"labela-facilities\"><strong>KUPAONICE<\/strong><\/h3>\n<div class=\"facilities-data-holder\">\n<div class=\"facilities-row-holder\">\n<div>Kupaonica #1: umivaonik, toalet, tu\u0161<\/div>\n<div>Kupaonica #2: umivaonik, toalet, tu\u0161<\/div>\n<div class=\"facilities-row-holder\">\n<div class=\"ico-holder\">Vanjski tu\u0161<\/div>\n<\/div>\n<div class=\"facilities-row-holder\">\n<div class=\"ico-holder\">Su\u0161ilo za kosu<\/div>\n<\/div>\n<div class=\"clear\"><\/div>\n<div class=\"extras\">Ru\u010dnici za kupaonicu su na raspolaganju i mijenjaju se jednom tjedno.<\/div>\n<\/div>\n<\/div>\n<\/div>\n<p>[\/vc_column_text][\/vc_column][\/vc_row][\/vc_section]<\/p>\n","protected":false},"excerpt":{"rendered":"<p>[vc_row][vc_column][\/vc_column][\/vc_row][vc_row][vc_column width=&#8221;1\/2&#8243;][\/vc_column][vc_column width=&#8221;1\/2&#8243; el_class=&#8221;gall_box&#8221;][\/vc_column][vc_column][\/vc_column][\/vc_row][vc_row full_width=&#8221;stretch_row&#8221; css=&#8221;.vc_custom_1657612572653{background-color: rgba(180,138,57,0.21) !important;*background-color: rgb(180,138,57) !important;}&#8221;][vc_column][vc_column_text css=&#8221;.vc_custom_1657612593560{margin-top: &#8230; <\/p>\n","protected":false},"author":1,"featured_media":0,"parent":0,"menu_order":0,"comment_status":"closed","ping_status":"closed","template":"","meta":[],"_links":{"self":[{"href":"https:\/\/h-resort.hr\/hr\/wp-json\/wp\/v2\/pages\/517"}],"collection":[{"href":"https:\/\/h-resort.hr\/hr\/wp-json\/wp\/v2\/pages"}],"about":[{"href":"https:\/\/h-resort.hr\/hr\/wp-json\/wp\/v2\/types\/page"}],"author":[{"embeddable":true,"href":"https:\/\/h-resort.hr\/hr\/wp-json\/wp\/v2\/users\/1"}],"replies":[{"embeddable":true,"href":"https:\/\/h-resort.hr\/hr\/wp-json\/wp\/v2\/comments?post=517"}],"version-history":[{"count":4,"href":"https:\/\/h-resort.hr\/hr\/wp-json\/wp\/v2\/pages\/517\/revisions"}],"predecessor-version":[{"id":548,"href":"https:\/\/h-resort.hr\/hr\/wp-json\/wp\/v2\/pages\/517\/revisions\/548"}],"wp:attachment":[{"href":"https:\/\/h-resort.hr\/hr\/wp-json\/wp\/v2\/media?parent=517"}],"curies":[{"name":"wp","href":"https:\/\/api.w.org\/{rel}","templated":true}]}}